{"id":356,"date":"2023-05-22T11:54:54","date_gmt":"2023-05-31T10:11:43","guid":{"rendered":"https:\/\/waisensewater.pt\/product\/kit-basico-auto-instalavel\/"},"modified":"2023-05-31T10:11:43","modified_gmt":"2023-05-31T10:11:43","slug":"kit-basico-auto-instalavel","status":"publish","type":"product","link":"https:\/\/waisensewater.pt\/pt-pt\/produto\/kit-basico-auto-instalavel\/","title":{"rendered":"Kit b\u00e1sico auto-instal\u00e1vel"},"content":{"rendered":"<p>O <strong>Kit B\u00e1sico Auto-instal\u00e1vel<\/strong> Waisense Comfort \u00e9 composto por um M\u00f3dulo de Alimenta\u00e7\u00e3o, um M\u00f3dulo de Bypass e um M\u00f3dulo Activador On-Grid. Os acess\u00f3rios para a instala\u00e7\u00e3o est\u00e3o inclu\u00eddos no kit. Cada m\u00f3dulo tem caracter\u00edsticas e conte\u00fados diferentes.<\/p>\n<h3><span data-sheets-value=\"{\"1\":2,\"2\":\"The BASIC KIT includes:\"}\" data-sheets-userformat=\"{\"2\":769,\"3\":{\"1\":0},\"11\":4,\"12\":0}\">Conte\u00fado<\/span><\/h3>\n<ul>\n<li><strong>Tacos: Sim<\/strong><\/li>\n<li><strong>Parafusos:<\/strong> Sim<\/li>\n<li><strong>N\u00famero de acoplamentos de polia:<\/strong> Sim, 4 (2x 1\u2033 + 2x 1\/2\u2033)<\/li>\n<li><strong>Enquadramento:<\/strong> Sim<\/li>\n<li><strong>Modelo de baliza<\/strong>: GALINDO &#8211; C\u00e9u<\/li>\n<li><span data-sheets-value=\"{\"1\":2,\"2\":\"Enrobing lids.\"}\" data-sheets-userformat=\"{\"2\":769,\"3\":{\"1\":0},\"11\":4,\"12\":0}\"><strong>Tampas de enrobustecimento:<\/strong> N\u00e3o<\/span><\/li>\n<li><span data-sheets-value=\"{\"1\":2,\"2\":\"Enrobing lids.\"}\" data-sheets-userformat=\"{\"2\":769,\"3\":{\"1\":0},\"11\":4,\"12\":0}\"><strong>Tamp\u00f5es:<\/strong> N\u00e3o<\/span><\/li>\n<\/ul>\n<hr>\n<h3><strong>M\u00d3DULO DE POT\u00caNCIA<\/strong><\/h3>\n<ul>\n<li>Peso 3,5 kg<\/li>\n<li>Tens\u00e3o 230V<\/li>\n<li>Frequ\u00eancia 50-60Hz<\/li>\n<li>Intensidade 0,65A<\/li>\n<li>Cablagem (3m &#8211; 3\u00d71,5mm2):\n<ul>\n<li>AZUL: Neutro<\/li>\n<li>PRETO OU CASTANHO: Fase<\/li>\n<li>VERDE E AMARELO: Terra<\/li>\n<\/ul>\n<\/li>\n<li>Pot\u00eancia m\u00e1xima 100W<\/li>\n<li>Pot\u00eancia nominal 90W<\/li>\n<li>Pot\u00eancia m\u00ednima 46W<\/li>\n<li>Pot\u00eancia em espera &lt;2W<\/li>\n<li>Altura m\u00e1xima 6mWC<\/li>\n<li>Caudal m\u00e1ximo 40l\/min<\/li>\n<li>Press\u00e3o m\u00e1xima de funcionamento 800kPa<\/li>\n<li>Gama de temperaturas de funcionamento 0-35\u00b0C<\/li>\n<li>Limite do term\u00f3stato de protec\u00e7\u00e3o 70\u00b0C<\/li>\n<li>Temperatura m\u00e1xima 110\u00b0C<\/li>\n<li>Alcance estimado da comunica\u00e7\u00e3o sem fios 25m<\/li>\n<\/ul>\n<h3><strong>M\u00d3DULO DE DERIVA\u00c7\u00c3O<\/strong><\/h3>\n<ul>\n<li>Peso 0,95 kg<\/li>\n<li>Tens\u00e3o 110-240V<\/li>\n<li>Frequ\u00eancia 50-60Hz<\/li>\n<li>Intensidade 34mA<\/li>\n<li>Cablagem (3m &#8211; 2\u00d70,75mm2):\n<ul>\n<li>AZUL: Neutro<\/li>\n<li>PRETO OU CASTANHO: Fase<\/li>\n<\/ul>\n<\/li>\n<li>Pot\u00eancia m\u00e1xima 5W<\/li>\n<li>Energia em espera &lt;1W<\/li>\n<li>Caudal m\u00e1ximo de funcionamento 80 l\/min<\/li>\n<li>Press\u00e3o m\u00e1xima de funcionamento 800kPa<\/li>\n<li>Gama de temperaturas de funcionamento 0-35\u00b0C<\/li>\n<li>Temperatura final do ciclo seleccion\u00e1vel 25-45\u00b0C<\/li>\n<li>Alcance estimado da comunica\u00e7\u00e3o sem fios: 25 m<\/li>\n<\/ul>\n<h3><strong>M\u00d3DULO ACTIVADOR NA REDE<\/strong><\/h3>\n<ul>\n<li>Peso 0,2 kg<\/li>\n<li>Tens\u00e3o 110-240V<\/li>\n<li>Frequ\u00eancia 50-60Hz<\/li>\n<li>Intensidade m\u00e1xima. 34mA<\/li>\n<li>Pot\u00eancia m\u00e1xima 1W<\/li>\n<li>Gama de temperaturas de funcionamento 0-35\u00b0C<\/li>\n<li>Alcance estimado da comunica\u00e7\u00e3o sem fios 25m<\/li>\n<\/ul>\n","protected":false},"excerpt":{"rendered":"<p>Entre na nova era do <strong>conforto, poupan\u00e7a e sustentabilidade<\/strong> da \u00e1gua quente com este <strong>KIT B\u00c1SICO AUTOINSTAL\u00c1VEL<\/strong>. Recomendado para casas ou empresas at\u00e9 90m2 e aquecedores de acumula\u00e7\u00e3o individuais: el\u00e9ctricos, solares, a combust\u00edvel e similares.<\/p>\n<p>\u00c9 <strong>auto-instal\u00e1vel<\/strong>, podendo ser facilmente instalado pelo pr\u00f3prio utilizador.<\/p>\n","protected":false},"featured_media":237,"comment_status":"open","ping_status":"closed","template":"","meta":[],"product_cat":[32],"product_tag":[],"class_list":{"0":"post-356","1":"product","2":"type-product","3":"status-publish","4":"has-post-thumbnail","5":"hentry","6":"product_cat-sem-categoria","8":"entry","9":"has-media","10":"owp-thumbs-layout-horizontal","11":"owp-btn-normal","12":"owp-tabs-layout-horizontal","13":"has-no-thumbnails","14":"has-product-nav","15":"circle-sale"},"yoast_head":"<!-- This site is optimized with the Yoast SEO Premium plugin v20.7 (Yoast SEO v20.7) - https:\/\/yoast.com\/wordpress\/plugins\/seo\/ -->\n<title>Kit b\u00e1sico auto-instal\u00e1vel - WAISENSE PORTUGAL<\/title>\n<meta name=\"description\" content=\"Poupe \u00e1gua produza conforto, poupan\u00e7a e sustentabilidade com este KIT B\u00c1SICO AUTOINSTAL\u00c1VEL. Recomendado para casas ou empresas\" \/>\n<meta name=\"robots\" content=\"index, follow, max-snippet:-1, max-image-preview:large, max-video-preview:-1\" \/>\n<link rel=\"canonical\" href=\"https:\/\/waisensewater.pt\/pt-pt\/produto\/kit-basico-auto-instalavel\/\" \/>\n<meta property=\"og:locale\" content=\"pt_PT\" \/>\n<meta property=\"og:type\" content=\"article\" \/>\n<meta property=\"og:title\" content=\"Kit b\u00e1sico auto-instal\u00e1vel\" \/>\n<meta property=\"og:description\" content=\"Poupe \u00e1gua produza conforto, poupan\u00e7a e sustentabilidade com este KIT B\u00c1SICO AUTOINSTAL\u00c1VEL. Recomendado para casas ou empresas\" \/>\n<meta property=\"og:url\" content=\"https:\/\/waisensewater.pt\/pt-pt\/produto\/kit-basico-auto-instalavel\/\" \/>\n<meta property=\"og:site_name\" content=\"WAISENSE PORTUGAL\" \/>\n<meta property=\"og:image\" content=\"https:\/\/waisensewater.pt\/wp-content\/uploads\/2023\/05\/Jamaica-basic-kit-packaging.png\" \/>\n\t<meta property=\"og:image:width\" content=\"1000\" \/>\n\t<meta property=\"og:image:height\" content=\"1000\" \/>\n\t<meta property=\"og:image:type\" content=\"image\/png\" \/>\n<meta name=\"twitter:card\" content=\"summary_large_image\" \/>\n<meta name=\"twitter:label1\" content=\"Tempo estimado de leitura\" \/>\n\t<meta name=\"twitter:data1\" content=\"1 minuto\" \/>\n<script type=\"application\/ld+json\" class=\"yoast-schema-graph\">{\"@context\":\"https:\/\/schema.org\",\"@graph\":[{\"@type\":\"WebPage\",\"@id\":\"https:\/\/waisensewater.pt\/pt-pt\/produto\/kit-basico-auto-instalavel\/\",\"url\":\"https:\/\/waisensewater.pt\/pt-pt\/produto\/kit-basico-auto-instalavel\/\",\"name\":\"Kit b\u00e1sico auto-instal\u00e1vel - WAISENSE PORTUGAL\",\"isPartOf\":{\"@id\":\"https:\/\/waisensewater.pt\/#website\"},\"datePublished\":\"2023-05-31T10:11:43+00:00\",\"dateModified\":\"2023-05-31T10:11:43+00:00\",\"description\":\"Poupe \u00e1gua produza conforto, poupan\u00e7a e sustentabilidade com este KIT B\u00c1SICO AUTOINSTAL\u00c1VEL. Recomendado para casas ou empresas\",\"breadcrumb\":{\"@id\":\"https:\/\/waisensewater.pt\/pt-pt\/produto\/kit-basico-auto-instalavel\/#breadcrumb\"},\"inLanguage\":\"pt-PT\",\"potentialAction\":[{\"@type\":\"ReadAction\",\"target\":[\"https:\/\/waisensewater.pt\/pt-pt\/produto\/kit-basico-auto-instalavel\/\"]}]},{\"@type\":\"BreadcrumbList\",\"@id\":\"https:\/\/waisensewater.pt\/pt-pt\/produto\/kit-basico-auto-instalavel\/#breadcrumb\",\"itemListElement\":[{\"@type\":\"ListItem\",\"position\":1,\"name\":\"Home\",\"item\":\"https:\/\/waisensewater.pt\/pt-pt\/\"},{\"@type\":\"ListItem\",\"position\":2,\"name\":\"Shop\",\"item\":\"https:\/\/waisensewater.pt\/?page_id=215\"},{\"@type\":\"ListItem\",\"position\":3,\"name\":\"Kit b\u00e1sico auto-instal\u00e1vel\"}]},{\"@type\":\"WebSite\",\"@id\":\"https:\/\/waisensewater.pt\/#website\",\"url\":\"https:\/\/waisensewater.pt\/\",\"name\":\"WAISENSE PORTUGAL\",\"description\":\"\",\"publisher\":{\"@id\":\"https:\/\/waisensewater.pt\/#organization\"},\"potentialAction\":[{\"@type\":\"SearchAction\",\"target\":{\"@type\":\"EntryPoint\",\"urlTemplate\":\"https:\/\/waisensewater.pt\/?s={search_term_string}\"},\"query-input\":\"required name=search_term_string\"}],\"inLanguage\":\"pt-PT\"},{\"@type\":\"Organization\",\"@id\":\"https:\/\/waisensewater.pt\/#organization\",\"name\":\"WAISENSE PORTUGAL\",\"url\":\"https:\/\/waisensewater.pt\/\",\"logo\":{\"@type\":\"ImageObject\",\"inLanguage\":\"pt-PT\",\"@id\":\"https:\/\/waisensewater.pt\/#\/schema\/logo\/image\/\",\"url\":\"https:\/\/waisensewater.pt\/wp-content\/uploads\/2022\/05\/cropped-logo-horizontal-2.png\",\"contentUrl\":\"https:\/\/waisensewater.pt\/wp-content\/uploads\/2022\/05\/cropped-logo-horizontal-2.png\",\"width\":300,\"height\":55,\"caption\":\"WAISENSE PORTUGAL\"},\"image\":{\"@id\":\"https:\/\/waisensewater.pt\/#\/schema\/logo\/image\/\"}}]}<\/script>\n<!-- \/ Yoast SEO Premium plugin. -->","yoast_head_json":{"title":"Kit b\u00e1sico auto-instal\u00e1vel - WAISENSE PORTUGAL","description":"Poupe \u00e1gua produza conforto, poupan\u00e7a e sustentabilidade com este KIT B\u00c1SICO AUTOINSTAL\u00c1VEL. Recomendado para casas ou empresas","robots":{"index":"index","follow":"follow","max-snippet":"max-snippet:-1","max-image-preview":"max-image-preview:large","max-video-preview":"max-video-preview:-1"},"canonical":"https:\/\/waisensewater.pt\/pt-pt\/produto\/kit-basico-auto-instalavel\/","og_locale":"pt_PT","og_type":"article","og_title":"Kit b\u00e1sico auto-instal\u00e1vel","og_description":"Poupe \u00e1gua produza conforto, poupan\u00e7a e sustentabilidade com este KIT B\u00c1SICO AUTOINSTAL\u00c1VEL. Recomendado para casas ou empresas","og_url":"https:\/\/waisensewater.pt\/pt-pt\/produto\/kit-basico-auto-instalavel\/","og_site_name":"WAISENSE PORTUGAL","og_image":[{"width":1000,"height":1000,"url":"https:\/\/waisensewater.pt\/wp-content\/uploads\/2023\/05\/Jamaica-basic-kit-packaging.png","type":"image\/png"}],"twitter_card":"summary_large_image","twitter_misc":{"Tempo estimado de leitura":"1 minuto"},"schema":{"@context":"https:\/\/schema.org","@graph":[{"@type":"WebPage","@id":"https:\/\/waisensewater.pt\/pt-pt\/produto\/kit-basico-auto-instalavel\/","url":"https:\/\/waisensewater.pt\/pt-pt\/produto\/kit-basico-auto-instalavel\/","name":"Kit b\u00e1sico auto-instal\u00e1vel - WAISENSE PORTUGAL","isPartOf":{"@id":"https:\/\/waisensewater.pt\/#website"},"datePublished":"2023-05-31T10:11:43+00:00","dateModified":"2023-05-31T10:11:43+00:00","description":"Poupe \u00e1gua produza conforto, poupan\u00e7a e sustentabilidade com este KIT B\u00c1SICO AUTOINSTAL\u00c1VEL. Recomendado para casas ou empresas","breadcrumb":{"@id":"https:\/\/waisensewater.pt\/pt-pt\/produto\/kit-basico-auto-instalavel\/#breadcrumb"},"inLanguage":"pt-PT","potentialAction":[{"@type":"ReadAction","target":["https:\/\/waisensewater.pt\/pt-pt\/produto\/kit-basico-auto-instalavel\/"]}]},{"@type":"BreadcrumbList","@id":"https:\/\/waisensewater.pt\/pt-pt\/produto\/kit-basico-auto-instalavel\/#breadcrumb","itemListElement":[{"@type":"ListItem","position":1,"name":"Home","item":"https:\/\/waisensewater.pt\/pt-pt\/"},{"@type":"ListItem","position":2,"name":"Shop","item":"https:\/\/waisensewater.pt\/?page_id=215"},{"@type":"ListItem","position":3,"name":"Kit b\u00e1sico auto-instal\u00e1vel"}]},{"@type":"WebSite","@id":"https:\/\/waisensewater.pt\/#website","url":"https:\/\/waisensewater.pt\/","name":"WAISENSE PORTUGAL","description":"","publisher":{"@id":"https:\/\/waisensewater.pt\/#organization"},"potentialAction":[{"@type":"SearchAction","target":{"@type":"EntryPoint","urlTemplate":"https:\/\/waisensewater.pt\/?s={search_term_string}"},"query-input":"required name=search_term_string"}],"inLanguage":"pt-PT"},{"@type":"Organization","@id":"https:\/\/waisensewater.pt\/#organization","name":"WAISENSE PORTUGAL","url":"https:\/\/waisensewater.pt\/","logo":{"@type":"ImageObject","inLanguage":"pt-PT","@id":"https:\/\/waisensewater.pt\/#\/schema\/logo\/image\/","url":"https:\/\/waisensewater.pt\/wp-content\/uploads\/2022\/05\/cropped-logo-horizontal-2.png","contentUrl":"https:\/\/waisensewater.pt\/wp-content\/uploads\/2022\/05\/cropped-logo-horizontal-2.png","width":300,"height":55,"caption":"WAISENSE PORTUGAL"},"image":{"@id":"https:\/\/waisensewater.pt\/#\/schema\/logo\/image\/"}}]}},"_links":{"self":[{"href":"https:\/\/waisensewater.pt\/pt-pt\/wp-json\/wp\/v2\/product\/356","targetHints":{"allow":["GET"]}}],"collection":[{"href":"https:\/\/waisensewater.pt\/pt-pt\/wp-json\/wp\/v2\/product"}],"about":[{"href":"https:\/\/waisensewater.pt\/pt-pt\/wp-json\/wp\/v2\/types\/product"}],"replies":[{"embeddable":true,"href":"https:\/\/waisensewater.pt\/pt-pt\/wp-json\/wp\/v2\/comments?post=356"}],"wp:featuredmedia":[{"embeddable":true,"href":"https:\/\/waisensewater.pt\/pt-pt\/wp-json\/wp\/v2\/media\/237"}],"wp:attachment":[{"href":"https:\/\/waisensewater.pt\/pt-pt\/wp-json\/wp\/v2\/media?parent=356"}],"wp:term":[{"taxonomy":"product_cat","embeddable":true,"href":"https:\/\/waisensewater.pt\/pt-pt\/wp-json\/wp\/v2\/product_cat?post=356"},{"taxonomy":"product_tag","embeddable":true,"href":"https:\/\/waisensewater.pt\/pt-pt\/wp-json\/wp\/v2\/product_tag?post=356"}],"curies":[{"name":"wp","href":"https:\/\/api.w.org\/{rel}","templated":true}]}}