{"id":354,"date":"2023-05-23T09:56:56","date_gmt":"2023-05-31T10:10:25","guid":{"rendered":"https:\/\/waisensewater.pt\/product\/kit-de-expansao-auto-instalavel\/"},"modified":"2023-05-31T10:10:25","modified_gmt":"2023-05-31T10:10:25","slug":"kit-de-expansao-auto-instalavel","status":"publish","type":"product","link":"https:\/\/waisensewater.pt\/pt-pt\/produto\/kit-de-expansao-auto-instalavel\/","title":{"rendered":"KIT DE EXPANS\u00c3O AUTO-INSTAL\u00c1VEL"},"content":{"rendered":"<p>O <strong>Kit de Expans\u00e3o Auto-Instal\u00e1vel<\/strong> Waisense Comfort \u00e9 composto por um M\u00f3dulo Bypass e um M\u00f3dulo Activador de Rede. Os acess\u00f3rios para a instala\u00e7\u00e3o est\u00e3o inclu\u00eddos no kit. Cada m\u00f3dulo tem caracter\u00edsticas e conte\u00fados diferentes.<\/p>\n<h3>Conte\u00fado<\/h3>\n<ul>\n<li><strong>Tacos<\/strong>: Sim<\/li>\n<li><strong>Parafusos:<\/strong> Sim<\/li>\n<li><strong>N\u00famero de acess\u00f3rios de encaixe<\/strong>: Sim, 2 (1\/2\u2033)<\/li>\n<li><strong>Tampas de remate<\/strong>: N\u00e3o<\/li>\n<li><strong>Tamp\u00f5es:<\/strong> N\u00e3o<\/li>\n<\/ul>\n<hr>\n<h3><strong>M\u00d3DULO DE DERIVA\u00c7\u00c3O<\/strong><\/h3>\n<ul>\n<li>Peso 0,95 kg<\/li>\n<li>Tens\u00e3o 110-240V<\/li>\n<li>Frequ\u00eancia 50-60Hz<\/li>\n<li>Intensidade 34mA<\/li>\n<li>Cablagem (3m &#8211; 2\u00d70,75mm2):\n<ul>\n<li>AZUL: Neutro<\/li>\n<li>PRETO OU CASTANHO: Fase<\/li>\n<\/ul>\n<\/li>\n<li>Pot\u00eancia m\u00e1xima 5W<\/li>\n<li>Energia em espera &lt;1W<\/li>\n<li>Caudal m\u00e1ximo de funcionamento 80 l\/min<\/li>\n<li>Press\u00e3o m\u00e1xima de funcionamento 800kPa<\/li>\n<li>Gama de temperaturas de funcionamento 0-35\u00b0C<\/li>\n<li>Temperatura final do ciclo seleccion\u00e1vel 25-45\u00b0C<\/li>\n<li>Alcance estimado da comunica\u00e7\u00e3o sem fios: 25 m<\/li>\n<\/ul>\n<h3><strong>M\u00d3DULO ACTIVADOR NA BATERIA<\/strong><\/h3>\n<ul>\n<li>Peso 0,4 kg<\/li>\n<li>Tens\u00e3o 3V<\/li>\n<li>Tipo de pilha AA\/LR6<\/li>\n<li>Bateria n\u00famero 4<\/li>\n<li>Gama de temperaturas de funcionamento 0-35\u00b0C<\/li>\n<li>Alcance estimado da comunica\u00e7\u00e3o sem fios 25m<\/li>\n<\/ul>\n","protected":false},"excerpt":{"rendered":"<p>Recomendado para casas com mais de tr\u00eas casas de banho. Estende os benef\u00edcios da <strong>tecnologia WAISENSE<\/strong> a todos os cantos da sua instala\u00e7\u00e3o &#8211; novas filiais ou pisos adicionais &#8211; para <strong>maior comodidade e efici\u00eancia<\/strong>.<\/p>\n<p>\u00c9 <strong>auto-instal\u00e1vel<\/strong>, pelo que pode ser facilmente instalado por si.<\/p>\n","protected":false},"featured_media":246,"comment_status":"open","ping_status":"closed","template":"","meta":[],"product_cat":[31],"product_tag":[],"class_list":{"0":"post-354","1":"product","2":"type-product","3":"status-publish","4":"has-post-thumbnail","5":"hentry","6":"product_cat-produto","8":"entry","9":"has-media","10":"owp-thumbs-layout-horizontal","11":"owp-btn-normal","12":"owp-tabs-layout-horizontal","13":"has-no-thumbnails","14":"has-product-nav","15":"circle-sale"},"yoast_head":"<!-- This site is optimized with the Yoast SEO Premium plugin v20.7 (Yoast SEO v20.7) - https:\/\/yoast.com\/wordpress\/plugins\/seo\/ -->\n<title>KIT DE EXPANS\u00c3O AUTO-INSTAL\u00c1VEL - WAISENSE PORTUGAL<\/title>\n<meta name=\"robots\" content=\"index, follow, max-snippet:-1, max-image-preview:large, max-video-preview:-1\" \/>\n<link rel=\"canonical\" href=\"https:\/\/waisensewater.pt\/pt-pt\/produto\/kit-de-expansao-auto-instalavel\/\" \/>\n<meta property=\"og:locale\" content=\"pt_PT\" \/>\n<meta property=\"og:type\" content=\"article\" \/>\n<meta property=\"og:title\" content=\"KIT DE EXPANS\u00c3O AUTO-INSTAL\u00c1VEL\" \/>\n<meta property=\"og:description\" content=\"Recomendado para casas com mais de tr\u00eas casas de banho. Estende os benef\u00edcios da tecnologia WAISENSE a todos os cantos da sua instala\u00e7\u00e3o - novas filiais ou pisos adicionais - para maior comodidade e efici\u00eancia. \u00c9 auto-instal\u00e1vel, pelo que pode ser facilmente instalado por si.\" \/>\n<meta property=\"og:url\" content=\"https:\/\/waisensewater.pt\/pt-pt\/produto\/kit-de-expansao-auto-instalavel\/\" \/>\n<meta property=\"og:site_name\" content=\"WAISENSE PORTUGAL\" \/>\n<meta property=\"og:image\" content=\"https:\/\/waisensewater.pt\/wp-content\/uploads\/2023\/05\/WAISENSE-expansion-kit-Jamaica.jpg\" \/>\n\t<meta property=\"og:image:width\" content=\"1600\" \/>\n\t<meta property=\"og:image:height\" content=\"1600\" \/>\n\t<meta property=\"og:image:type\" content=\"image\/jpeg\" \/>\n<meta name=\"twitter:card\" content=\"summary_large_image\" \/>\n<meta name=\"twitter:label1\" content=\"Tempo estimado de leitura\" \/>\n\t<meta name=\"twitter:data1\" content=\"1 minuto\" \/>\n<script type=\"application\/ld+json\" class=\"yoast-schema-graph\">{\"@context\":\"https:\/\/schema.org\",\"@graph\":[{\"@type\":\"WebPage\",\"@id\":\"https:\/\/waisensewater.pt\/pt-pt\/produto\/kit-de-expansao-auto-instalavel\/\",\"url\":\"https:\/\/waisensewater.pt\/pt-pt\/produto\/kit-de-expansao-auto-instalavel\/\",\"name\":\"KIT DE EXPANS\u00c3O AUTO-INSTAL\u00c1VEL - WAISENSE PORTUGAL\",\"isPartOf\":{\"@id\":\"https:\/\/waisensewater.pt\/#website\"},\"datePublished\":\"2023-05-31T10:10:25+00:00\",\"dateModified\":\"2023-05-31T10:10:25+00:00\",\"breadcrumb\":{\"@id\":\"https:\/\/waisensewater.pt\/pt-pt\/produto\/kit-de-expansao-auto-instalavel\/#breadcrumb\"},\"inLanguage\":\"pt-PT\",\"potentialAction\":[{\"@type\":\"ReadAction\",\"target\":[\"https:\/\/waisensewater.pt\/pt-pt\/produto\/kit-de-expansao-auto-instalavel\/\"]}]},{\"@type\":\"BreadcrumbList\",\"@id\":\"https:\/\/waisensewater.pt\/pt-pt\/produto\/kit-de-expansao-auto-instalavel\/#breadcrumb\",\"itemListElement\":[{\"@type\":\"ListItem\",\"position\":1,\"name\":\"Home\",\"item\":\"https:\/\/waisensewater.pt\/pt-pt\/\"},{\"@type\":\"ListItem\",\"position\":2,\"name\":\"Shop\",\"item\":\"https:\/\/waisensewater.pt\/?page_id=215\"},{\"@type\":\"ListItem\",\"position\":3,\"name\":\"KIT DE EXPANS\u00c3O AUTO-INSTAL\u00c1VEL\"}]},{\"@type\":\"WebSite\",\"@id\":\"https:\/\/waisensewater.pt\/#website\",\"url\":\"https:\/\/waisensewater.pt\/\",\"name\":\"WAISENSE PORTUGAL\",\"description\":\"\",\"publisher\":{\"@id\":\"https:\/\/waisensewater.pt\/#organization\"},\"potentialAction\":[{\"@type\":\"SearchAction\",\"target\":{\"@type\":\"EntryPoint\",\"urlTemplate\":\"https:\/\/waisensewater.pt\/?s={search_term_string}\"},\"query-input\":\"required name=search_term_string\"}],\"inLanguage\":\"pt-PT\"},{\"@type\":\"Organization\",\"@id\":\"https:\/\/waisensewater.pt\/#organization\",\"name\":\"WAISENSE PORTUGAL\",\"url\":\"https:\/\/waisensewater.pt\/\",\"logo\":{\"@type\":\"ImageObject\",\"inLanguage\":\"pt-PT\",\"@id\":\"https:\/\/waisensewater.pt\/#\/schema\/logo\/image\/\",\"url\":\"https:\/\/waisensewater.pt\/wp-content\/uploads\/2022\/05\/cropped-logo-horizontal-2.png\",\"contentUrl\":\"https:\/\/waisensewater.pt\/wp-content\/uploads\/2022\/05\/cropped-logo-horizontal-2.png\",\"width\":300,\"height\":55,\"caption\":\"WAISENSE PORTUGAL\"},\"image\":{\"@id\":\"https:\/\/waisensewater.pt\/#\/schema\/logo\/image\/\"}}]}<\/script>\n<!-- \/ Yoast SEO Premium plugin. -->","yoast_head_json":{"title":"KIT DE EXPANS\u00c3O AUTO-INSTAL\u00c1VEL - WAISENSE PORTUGAL","robots":{"index":"index","follow":"follow","max-snippet":"max-snippet:-1","max-image-preview":"max-image-preview:large","max-video-preview":"max-video-preview:-1"},"canonical":"https:\/\/waisensewater.pt\/pt-pt\/produto\/kit-de-expansao-auto-instalavel\/","og_locale":"pt_PT","og_type":"article","og_title":"KIT DE EXPANS\u00c3O AUTO-INSTAL\u00c1VEL","og_description":"Recomendado para casas com mais de tr\u00eas casas de banho. Estende os benef\u00edcios da tecnologia WAISENSE a todos os cantos da sua instala\u00e7\u00e3o - novas filiais ou pisos adicionais - para maior comodidade e efici\u00eancia. \u00c9 auto-instal\u00e1vel, pelo que pode ser facilmente instalado por si.","og_url":"https:\/\/waisensewater.pt\/pt-pt\/produto\/kit-de-expansao-auto-instalavel\/","og_site_name":"WAISENSE PORTUGAL","og_image":[{"width":1600,"height":1600,"url":"https:\/\/waisensewater.pt\/wp-content\/uploads\/2023\/05\/WAISENSE-expansion-kit-Jamaica.jpg","type":"image\/jpeg"}],"twitter_card":"summary_large_image","twitter_misc":{"Tempo estimado de leitura":"1 minuto"},"schema":{"@context":"https:\/\/schema.org","@graph":[{"@type":"WebPage","@id":"https:\/\/waisensewater.pt\/pt-pt\/produto\/kit-de-expansao-auto-instalavel\/","url":"https:\/\/waisensewater.pt\/pt-pt\/produto\/kit-de-expansao-auto-instalavel\/","name":"KIT DE EXPANS\u00c3O AUTO-INSTAL\u00c1VEL - WAISENSE PORTUGAL","isPartOf":{"@id":"https:\/\/waisensewater.pt\/#website"},"datePublished":"2023-05-31T10:10:25+00:00","dateModified":"2023-05-31T10:10:25+00:00","breadcrumb":{"@id":"https:\/\/waisensewater.pt\/pt-pt\/produto\/kit-de-expansao-auto-instalavel\/#breadcrumb"},"inLanguage":"pt-PT","potentialAction":[{"@type":"ReadAction","target":["https:\/\/waisensewater.pt\/pt-pt\/produto\/kit-de-expansao-auto-instalavel\/"]}]},{"@type":"BreadcrumbList","@id":"https:\/\/waisensewater.pt\/pt-pt\/produto\/kit-de-expansao-auto-instalavel\/#breadcrumb","itemListElement":[{"@type":"ListItem","position":1,"name":"Home","item":"https:\/\/waisensewater.pt\/pt-pt\/"},{"@type":"ListItem","position":2,"name":"Shop","item":"https:\/\/waisensewater.pt\/?page_id=215"},{"@type":"ListItem","position":3,"name":"KIT DE EXPANS\u00c3O AUTO-INSTAL\u00c1VEL"}]},{"@type":"WebSite","@id":"https:\/\/waisensewater.pt\/#website","url":"https:\/\/waisensewater.pt\/","name":"WAISENSE PORTUGAL","description":"","publisher":{"@id":"https:\/\/waisensewater.pt\/#organization"},"potentialAction":[{"@type":"SearchAction","target":{"@type":"EntryPoint","urlTemplate":"https:\/\/waisensewater.pt\/?s={search_term_string}"},"query-input":"required name=search_term_string"}],"inLanguage":"pt-PT"},{"@type":"Organization","@id":"https:\/\/waisensewater.pt\/#organization","name":"WAISENSE PORTUGAL","url":"https:\/\/waisensewater.pt\/","logo":{"@type":"ImageObject","inLanguage":"pt-PT","@id":"https:\/\/waisensewater.pt\/#\/schema\/logo\/image\/","url":"https:\/\/waisensewater.pt\/wp-content\/uploads\/2022\/05\/cropped-logo-horizontal-2.png","contentUrl":"https:\/\/waisensewater.pt\/wp-content\/uploads\/2022\/05\/cropped-logo-horizontal-2.png","width":300,"height":55,"caption":"WAISENSE PORTUGAL"},"image":{"@id":"https:\/\/waisensewater.pt\/#\/schema\/logo\/image\/"}}]}},"_links":{"self":[{"href":"https:\/\/waisensewater.pt\/pt-pt\/wp-json\/wp\/v2\/product\/354","targetHints":{"allow":["GET"]}}],"collection":[{"href":"https:\/\/waisensewater.pt\/pt-pt\/wp-json\/wp\/v2\/product"}],"about":[{"href":"https:\/\/waisensewater.pt\/pt-pt\/wp-json\/wp\/v2\/types\/product"}],"replies":[{"embeddable":true,"href":"https:\/\/waisensewater.pt\/pt-pt\/wp-json\/wp\/v2\/comments?post=354"}],"wp:featuredmedia":[{"embeddable":true,"href":"https:\/\/waisensewater.pt\/pt-pt\/wp-json\/wp\/v2\/media\/246"}],"wp:attachment":[{"href":"https:\/\/waisensewater.pt\/pt-pt\/wp-json\/wp\/v2\/media?parent=354"}],"wp:term":[{"taxonomy":"product_cat","embeddable":true,"href":"https:\/\/waisensewater.pt\/pt-pt\/wp-json\/wp\/v2\/product_cat?post=354"},{"taxonomy":"product_tag","embeddable":true,"href":"https:\/\/waisensewater.pt\/pt-pt\/wp-json\/wp\/v2\/product_tag?post=354"}],"curies":[{"name":"wp","href":"https:\/\/api.w.org\/{rel}","templated":true}]}}