{"id":333,"date":"2023-05-31T08:44:15","date_gmt":"2023-05-31T08:44:15","guid":{"rendered":"https:\/\/waisensewater.pt\/waisense-para-empresas\/"},"modified":"2023-08-08T10:50:20","modified_gmt":"2023-08-08T10:50:20","slug":"waisense-para-empresas","status":"publish","type":"page","link":"https:\/\/waisensewater.pt\/pt-pt\/waisense-para-empresas\/","title":{"rendered":"WAISENSE PARA EMPRESAS"},"content":{"rendered":"\t\t<div data-elementor-type=\"wp-page\" data-elementor-id=\"333\" class=\"elementor elementor-333 elementor-73\">\n\t\t\t\t\t\t\t\t\t<section class=\"elementor-section elementor-top-section elementor-element elementor-element-7e9b7806 elementor-section-height-min-height elementor-section-full_width elementor-section-height-default elementor-section-items-middle\" data-id=\"7e9b7806\" data-element_type=\"section\" data-settings=\"{&quot;background_background&quot;:&quot;video&quot;,&quot;background_video_link&quot;:&quot;https:\\\/\\\/waisensewater.pt\\\/wp-content\\\/uploads\\\/2022\\\/05\\\/production-ID_4185333-1.mp4&quot;,&quot;background_play_on_mobile&quot;:&quot;yes&quot;}\">\n\t\t\t\t\t\t\t\t<div class=\"elementor-background-video-container\">\n\t\t\t\t\t\t\t\t\t\t\t\t\t<video class=\"elementor-background-video-hosted elementor-html5-video\" autoplay muted playsinline loop><\/video>\n\t\t\t\t\t\t\t\t\t\t\t<\/div>\n\t\t\t\t\t\t\t\t\t<div class=\"elementor-background-overlay\"><\/div>\n\t\t\t\t\t\t\t<div class=\"elementor-container elementor-column-gap-default\">\n\t\t\t\t\t<div class=\"elementor-column elementor-col-100 elementor-top-column elementor-element elementor-element-25247158\" data-id=\"25247158\" data-element_type=\"column\">\n\t\t\t<div class=\"elementor-widget-wrap elementor-element-populated\">\n\t\t\t\t\t\t\t\t<div class=\"elementor-element elementor-element-2bc4003 elementor-widget elementor-widget-image\" data-id=\"2bc4003\" data-element_type=\"widget\" data-widget_type=\"image.default\">\n\t\t\t\t<div class=\"elementor-widget-container\">\n\t\t\t<style>\/*! elementor - v3.13.3 - 28-05-2023 *\/\n.elementor-widget-image{text-align:center}.elementor-widget-image a{display:inline-block}.elementor-widget-image a img[src$=\".svg\"]{width:48px}.elementor-widget-image img{vertical-align:middle;display:inline-block}<\/style>\t\t\t\t\t\t\t\t\t\t\t\t\t<a href=\"http:\/\/15.188.197.212\/\">\n\t\t\t\t\t\t\t<img loading=\"lazy\" decoding=\"async\" width=\"300\" height=\"56\" src=\"https:\/\/waisensewater.pt\/wp-content\/uploads\/2022\/05\/logo-horizontal-2.png\" class=\"attachment-large size-large wp-image-47\" alt=\"\" \/>\t\t\t\t\t\t\t\t<\/a>\n\t\t\t\t\t\t\t\t\t\t\t\t\t\t\t<\/div>\n\t\t\t\t<\/div>\n\t\t\t\t<div class=\"elementor-element elementor-element-2a2710dc animated-slow elementor-invisible elementor-widget elementor-widget-heading\" data-id=\"2a2710dc\" data-element_type=\"widget\" data-settings=\"{&quot;_animation&quot;:&quot;fadeInUp&quot;}\" data-widget_type=\"heading.default\">\n\t\t\t\t<div class=\"elementor-widget-container\">\n\t\t\t<style>\/*! elementor - v3.13.3 - 28-05-2023 *\/\n.elementor-heading-title{padding:0;margin:0;line-height:1}.elementor-widget-heading .elementor-heading-title[class*=elementor-size-]>a{color:inherit;font-size:inherit;line-height:inherit}.elementor-widget-heading .elementor-heading-title.elementor-size-small{font-size:15px}.elementor-widget-heading .elementor-heading-title.elementor-size-medium{font-size:19px}.elementor-widget-heading .elementor-heading-title.elementor-size-large{font-size:29px}.elementor-widget-heading .elementor-heading-title.elementor-size-xl{font-size:39px}.elementor-widget-heading .elementor-heading-title.elementor-size-xxl{font-size:59px}<\/style><h2 class=\"elementor-heading-title elementor-size-default\">Estamos \u00e0 procura de empresas que nos ajudem a trazer o WAISENSE para Portugal<\/h2>\t\t<\/div>\n\t\t\t\t<\/div>\n\t\t\t\t<div class=\"elementor-element elementor-element-95a87ab animated-slow elementor-invisible elementor-widget elementor-widget-heading\" data-id=\"95a87ab\" data-element_type=\"widget\" data-settings=\"{&quot;_animation&quot;:&quot;fadeInUp&quot;}\" data-widget_type=\"heading.default\">\n\t\t\t\t<div class=\"elementor-widget-container\">\n\t\t\t<h2 class=\"elementor-heading-title elementor-size-default\">Est\u00e1 interessado?<\/h2>\t\t<\/div>\n\t\t\t\t<\/div>\n\t\t\t\t<div class=\"elementor-element elementor-element-53d9ef81 elementor-widget elementor-widget-text-editor\" data-id=\"53d9ef81\" data-element_type=\"widget\" data-widget_type=\"text-editor.default\">\n\t\t\t\t<div class=\"elementor-widget-container\">\n\t\t\t<style>\/*! elementor - v3.13.3 - 28-05-2023 *\/\n.elementor-widget-text-editor.elementor-drop-cap-view-stacked .elementor-drop-cap{background-color:#69727d;color:#fff}.elementor-widget-text-editor.elementor-drop-cap-view-framed .elementor-drop-cap{color:#69727d;border:3px solid;background-color:transparent}.elementor-widget-text-editor:not(.elementor-drop-cap-view-default) .elementor-drop-cap{margin-top:8px}.elementor-widget-text-editor:not(.elementor-drop-cap-view-default) .elementor-drop-cap-letter{width:1em;height:1em}.elementor-widget-text-editor .elementor-drop-cap{float:left;text-align:center;line-height:1;font-size:50px}.elementor-widget-text-editor .elementor-drop-cap-letter{display:inline-block}<\/style>\t\t\t\t\t\t\t\t\t\t<\/div>\n\t\t\t\t<\/div>\n\t\t\t\t<section class=\"elementor-section elementor-inner-section elementor-element elementor-element-2751531 elementor-section-boxed elementor-section-height-default elementor-section-height-default\" data-id=\"2751531\" data-element_type=\"section\">\n\t\t\t\t\t\t<div class=\"elementor-container elementor-column-gap-extended\">\n\t\t\t\t\t<div class=\"elementor-column elementor-col-100 elementor-inner-column elementor-element elementor-element-de9d328\" data-id=\"de9d328\" data-element_type=\"column\">\n\t\t\t<div class=\"elementor-widget-wrap elementor-element-populated\">\n\t\t\t\t\t\t\t\t<div class=\"elementor-element elementor-element-7c1d0f8 elementor-align-center elementor-mobile-align-center elementor-widget elementor-widget-button\" data-id=\"7c1d0f8\" data-element_type=\"widget\" data-widget_type=\"button.default\">\n\t\t\t\t<div class=\"elementor-widget-container\">\n\t\t\t\t\t<div class=\"elementor-button-wrapper\">\n\t\t\t<a href=\"#CONTACTO\" class=\"elementor-button-link elementor-button elementor-size-sm\" role=\"button\">\n\t\t\t\t\t\t<span class=\"elementor-button-content-wrapper\">\n\t\t\t\t\t\t<span class=\"elementor-button-text\">Contacte-nos<\/span>\n\t\t<\/span>\n\t\t\t\t\t<\/a>\n\t\t<\/div>\n\t\t\t\t<\/div>\n\t\t\t\t<\/div>\n\t\t\t\t\t<\/div>\n\t\t<\/div>\n\t\t\t\t\t\t\t<\/div>\n\t\t<\/section>\n\t\t\t\t\t<\/div>\n\t\t<\/div>\n\t\t\t\t\t\t\t<\/div>\n\t\t<\/section>\n\t\t\t\t<section class=\"elementor-section elementor-top-section elementor-element elementor-element-16a9de79 elementor-section-content-middle elementor-section-boxed elementor-section-height-default elementor-section-height-default\" data-id=\"16a9de79\" data-element_type=\"section\" data-settings=\"{&quot;background_background&quot;:&quot;classic&quot;}\">\n\t\t\t\t\t\t\t<div class=\"elementor-background-overlay\"><\/div>\n\t\t\t\t\t\t\t<div class=\"elementor-container elementor-column-gap-default\">\n\t\t\t\t\t<div class=\"elementor-column elementor-col-50 elementor-top-column elementor-element elementor-element-351898a2\" data-id=\"351898a2\" data-element_type=\"column\">\n\t\t\t<div class=\"elementor-widget-wrap elementor-element-populated\">\n\t\t\t\t\t\t\t\t<section class=\"elementor-section elementor-inner-section elementor-element elementor-element-692786f4 elementor-section-boxed elementor-section-height-default elementor-section-height-default\" data-id=\"692786f4\" data-element_type=\"section\">\n\t\t\t\t\t\t<div class=\"elementor-container elementor-column-gap-default\">\n\t\t\t\t\t<div class=\"elementor-column elementor-col-100 elementor-inner-column elementor-element elementor-element-1c2a056b\" data-id=\"1c2a056b\" data-element_type=\"column\">\n\t\t\t<div class=\"elementor-widget-wrap elementor-element-populated\">\n\t\t\t\t\t\t\t\t<div class=\"elementor-element elementor-element-346e3acb elementor-widget elementor-widget-text-editor\" data-id=\"346e3acb\" data-element_type=\"widget\" data-widget_type=\"text-editor.default\">\n\t\t\t\t<div class=\"elementor-widget-container\">\n\t\t\t\t\t\t\t<p>\u00c9 um profissional do sector?<\/p>\n\t\t\t\t\t\t<\/div>\n\t\t\t\t<\/div>\n\t\t\t\t<div class=\"elementor-element elementor-element-125b20ec big-title elementor-widget elementor-widget-heading\" data-id=\"125b20ec\" data-element_type=\"widget\" data-widget_type=\"heading.default\">\n\t\t\t\t<div class=\"elementor-widget-container\">\n\t\t\t<h2 class=\"elementor-heading-title elementor-size-default\">Descubra o nosso programa de parceiros<\/h2>\t\t<\/div>\n\t\t\t\t<\/div>\n\t\t\t\t\t<\/div>\n\t\t<\/div>\n\t\t\t\t\t\t\t<\/div>\n\t\t<\/section>\n\t\t\t\t<div class=\"elementor-element elementor-element-5b7dc3a1 elementor-widget elementor-widget-text-editor\" data-id=\"5b7dc3a1\" data-element_type=\"widget\" data-widget_type=\"text-editor.default\">\n\t\t\t\t<div class=\"elementor-widget-container\">\n\t\t\t\t\t\t\t<p>Descubra as vantagens do nosso programa de parceria para:<\/p>\n<ul>\n<li>Distribuidores<\/li>\n<li>Instaladores<\/li>\n<li>Empresas de constru\u00e7\u00e3o e desenvolvimento<\/li>\n<li>Outros profissionais<\/li>\n<\/ul>\n<p>Registe-se gratuitamente e obtenha descontos por lote, forma\u00e7\u00e3o e material exclusivo, assist\u00eancia t\u00e9cnica e comercial, promo\u00e7\u00e3o, entre outros benef\u00edcios.<\/p>\n\t\t\t\t\t\t<\/div>\n\t\t\t\t<\/div>\n\t\t\t\t\t<\/div>\n\t\t<\/div>\n\t\t\t\t<div class=\"elementor-column elementor-col-50 elementor-top-column elementor-element elementor-element-6ffaa888\" data-id=\"6ffaa888\" data-element_type=\"column\">\n\t\t\t<div class=\"elementor-widget-wrap elementor-element-populated\">\n\t\t\t\t\t\t\t\t<div class=\"elementor-element elementor-element-5114b2d animated-slow elementor-invisible elementor-widget elementor-widget-image\" data-id=\"5114b2d\" data-element_type=\"widget\" data-settings=\"{&quot;_animation&quot;:&quot;fadeInRight&quot;}\" data-widget_type=\"image.default\">\n\t\t\t\t<div class=\"elementor-widget-container\">\n\t\t\t\t\t\t\t\t\t\t\t\t\t\t\t<img loading=\"lazy\" decoding=\"async\" width=\"2560\" height=\"1707\" src=\"https:\/\/waisensewater.pt\/wp-content\/uploads\/2022\/05\/WAISENSE-partners-2-scaled-1.jpg\" class=\"attachment-full size-full wp-image-21\" alt=\"\" srcset=\"https:\/\/waisensewater.pt\/wp-content\/uploads\/2022\/05\/WAISENSE-partners-2-scaled-1.jpg 2560w, https:\/\/waisensewater.pt\/wp-content\/uploads\/2022\/05\/WAISENSE-partners-2-scaled-1-600x400.jpg 600w, https:\/\/waisensewater.pt\/wp-content\/uploads\/2022\/05\/WAISENSE-partners-2-scaled-1-300x200.jpg 300w, https:\/\/waisensewater.pt\/wp-content\/uploads\/2022\/05\/WAISENSE-partners-2-scaled-1-1024x683.jpg 1024w, https:\/\/waisensewater.pt\/wp-content\/uploads\/2022\/05\/WAISENSE-partners-2-scaled-1-768x512.jpg 768w, https:\/\/waisensewater.pt\/wp-content\/uploads\/2022\/05\/WAISENSE-partners-2-scaled-1-1536x1024.jpg 1536w, https:\/\/waisensewater.pt\/wp-content\/uploads\/2022\/05\/WAISENSE-partners-2-scaled-1-2048x1366.jpg 2048w\" sizes=\"auto, (max-width: 2560px) 100vw, 2560px\" \/>\t\t\t\t\t\t\t\t\t\t\t\t\t\t\t<\/div>\n\t\t\t\t<\/div>\n\t\t\t\t<div class=\"elementor-element elementor-element-5b0a1258 animated-slow elementor-invisible elementor-widget elementor-widget-image\" data-id=\"5b0a1258\" data-element_type=\"widget\" data-settings=\"{&quot;_animation&quot;:&quot;fadeInRight&quot;}\" data-widget_type=\"image.default\">\n\t\t\t\t<div class=\"elementor-widget-container\">\n\t\t\t\t\t\t\t\t\t\t\t\t\t\t\t<img loading=\"lazy\" decoding=\"async\" width=\"2480\" height=\"1652\" src=\"https:\/\/waisensewater.pt\/wp-content\/uploads\/2022\/05\/Waisense-partners.jpg\" class=\"attachment-full size-full wp-image-22\" alt=\"\" srcset=\"https:\/\/waisensewater.pt\/wp-content\/uploads\/2022\/05\/Waisense-partners.jpg 2480w, https:\/\/waisensewater.pt\/wp-content\/uploads\/2022\/05\/Waisense-partners-600x400.jpg 600w, https:\/\/waisensewater.pt\/wp-content\/uploads\/2022\/05\/Waisense-partners-300x200.jpg 300w, https:\/\/waisensewater.pt\/wp-content\/uploads\/2022\/05\/Waisense-partners-1024x682.jpg 1024w, https:\/\/waisensewater.pt\/wp-content\/uploads\/2022\/05\/Waisense-partners-768x512.jpg 768w, https:\/\/waisensewater.pt\/wp-content\/uploads\/2022\/05\/Waisense-partners-1536x1023.jpg 1536w, https:\/\/waisensewater.pt\/wp-content\/uploads\/2022\/05\/Waisense-partners-2048x1364.jpg 2048w\" sizes=\"auto, (max-width: 2480px) 100vw, 2480px\" \/>\t\t\t\t\t\t\t\t\t\t\t\t\t\t\t<\/div>\n\t\t\t\t<\/div>\n\t\t\t\t\t<\/div>\n\t\t<\/div>\n\t\t\t\t\t\t\t<\/div>\n\t\t<\/section>\n\t\t\t\t<section class=\"elementor-section elementor-top-section elementor-element elementor-element-696231c elementor-section-boxed elementor-section-height-default elementor-section-height-default\" data-id=\"696231c\" data-element_type=\"section\" id=\"CONTACT\">\n\t\t\t\t\t\t<div class=\"elementor-container elementor-column-gap-default\">\n\t\t\t\t\t<div class=\"elementor-column elementor-col-100 elementor-top-column elementor-element elementor-element-19bb0a9\" data-id=\"19bb0a9\" data-element_type=\"column\">\n\t\t\t<div class=\"elementor-widget-wrap elementor-element-populated\">\n\t\t\t\t\t\t\t\t<div class=\"elementor-element elementor-element-4ae5f57 big-title elementor-widget elementor-widget-heading\" data-id=\"4ae5f57\" data-element_type=\"widget\" data-widget_type=\"heading.default\">\n\t\t\t\t<div class=\"elementor-widget-container\">\n\t\t\t<h2 class=\"elementor-heading-title elementor-size-default\">CONTACTE-NOS<\/h2>\t\t<\/div>\n\t\t\t\t<\/div>\n\t\t\t\t<div class=\"elementor-element elementor-element-c127598 elementor-widget elementor-widget-text-editor\" data-id=\"c127598\" data-element_type=\"widget\" data-widget_type=\"text-editor.default\">\n\t\t\t\t<div class=\"elementor-widget-container\">\n\t\t\t\t\t\t\t<p>\n<div class=\"wpcf7 no-js\" id=\"wpcf7-f77-o1\" lang=\"es-ES\" dir=\"ltr\">\n<div class=\"screen-reader-response\"><p role=\"status\" aria-live=\"polite\" aria-atomic=\"true\"><\/p> <ul><\/ul><\/div>\n<form action=\"\/pt-pt\/wp-json\/wp\/v2\/pages\/333#wpcf7-f77-o1\" method=\"post\" class=\"wpcf7-form init\" aria-label=\"Formulario de contacto\" novalidate=\"novalidate\" data-status=\"init\">\n<div style=\"display: none;\">\n<input type=\"hidden\" name=\"_wpcf7\" value=\"77\" \/>\n<input type=\"hidden\" name=\"_wpcf7_version\" value=\"5.7.6\" \/>\n<input type=\"hidden\" name=\"_wpcf7_locale\" value=\"es_ES\" \/>\n<input type=\"hidden\" name=\"_wpcf7_unit_tag\" value=\"wpcf7-f77-o1\" \/>\n<input type=\"hidden\" name=\"_wpcf7_container_post\" value=\"0\" \/>\n<input type=\"hidden\" name=\"_wpcf7_posted_data_hash\" value=\"\" \/>\n<\/div>\n<p><label> Name*<br \/>\n<span class=\"wpcf7-form-control-wrap\" data-name=\"your-name\"><input size=\"40\" class=\"wpcf7-form-control wpcf7-text wpcf7-validates-as-required\" aria-required=\"true\" aria-invalid=\"false\" value=\"\" type=\"text\" name=\"your-name\" \/><\/span> <\/label>\n<\/p>\n<p><label> Business<br \/>\n<span class=\"wpcf7-form-control-wrap\" data-name=\"company\"><input size=\"40\" class=\"wpcf7-form-control wpcf7-text\" aria-invalid=\"false\" value=\"\" type=\"text\" name=\"company\" \/><\/span> <\/label>\n<\/p>\n<p><label> Email*<br \/>\n<span class=\"wpcf7-form-control-wrap\" data-name=\"your-email\"><input size=\"40\" class=\"wpcf7-form-control wpcf7-text wpcf7-email wpcf7-validates-as-required wpcf7-validates-as-email\" aria-required=\"true\" aria-invalid=\"false\" value=\"\" type=\"email\" name=\"your-email\" \/><\/span> <\/label>\n<\/p>\n<p><label> Message*<br \/>\n<span class=\"wpcf7-form-control-wrap\" data-name=\"your-message\"><textarea cols=\"40\" rows=\"10\" class=\"wpcf7-form-control wpcf7-textarea wpcf7-validates-as-required\" aria-required=\"true\" aria-invalid=\"false\" name=\"your-message\"><\/textarea><\/span> <\/label>\n<\/p>\n<p><label> How did you get to know us?<br \/>\n<span class=\"wpcf7-form-control-wrap\" data-name=\"menu-406\"><select class=\"wpcf7-form-control wpcf7-select wpcf7-validates-as-required\" aria-required=\"true\" aria-invalid=\"false\" name=\"menu-406\"><option value=\"Social Media\">Social Media<\/option><option value=\"E-mail\">E-mail<\/option><option value=\"News\">News<\/option><option value=\"Recommendation\">Recommendation<\/option><option value=\"Others\">Others<\/option><\/select><\/span> <\/label>\n<\/p>\n<p><span class=\"wpcf7-form-control-wrap\" data-name=\"rgpd\"><span class=\"wpcf7-form-control wpcf7-acceptance\"><span class=\"wpcf7-list-item\"><label><input type=\"checkbox\" name=\"rgpd\" value=\"1\" aria-invalid=\"false\" \/><span class=\"wpcf7-list-item-label\">I accept the <a href=\"https:\/\/waisense.com\/es\/privacy-policy\/\" target=\"blank\">Privacy Policy*.<\/a><\/span><\/label><\/span><\/span><\/span>.\n<\/p>\n<p><input class=\"wpcf7-form-control has-spinner wpcf7-submit\" type=\"submit\" value=\"Enviar\" \/>\n<\/p><div class=\"wpcf7-response-output\" aria-hidden=\"true\"><\/div>\n<\/form>\n<\/div>\n<\/p>\n\t\t\t\t\t\t<\/div>\n\t\t\t\t<\/div>\n\t\t\t\t\t<\/div>\n\t\t<\/div>\n\t\t\t\t\t\t\t<\/div>\n\t\t<\/section>\n\t\t\t\t\t\t\t<\/div>\n\t\t","protected":false},"excerpt":{"rendered":"<p>Estamos \u00e0 procura de empresas que nos ajudem a trazer o WAISENSE para Portugal Est\u00e1 interessado? Contacte-nos \u00c9 um profissional do sector? Descubra o nosso programa de parceiros Descubra as vantagens do nosso programa de parceria para: Distribuidores Instaladores Empresas de constru\u00e7\u00e3o e desenvolvimento Outros profissionais Registe-se gratuitamente e obtenha descontos por lote, forma\u00e7\u00e3o e [&hellip;]<\/p>\n","protected":false},"author":1,"featured_media":0,"parent":0,"menu_order":0,"comment_status":"closed","ping_status":"closed","template":"","meta":{"footnotes":""},"class_list":["post-333","page","type-page","status-publish","hentry","entry","owp-thumbs-layout-horizontal","owp-btn-normal","owp-tabs-layout-horizontal","has-no-thumbnails","has-product-nav","circle-sale"],"yoast_head":"<!-- This site is optimized with the Yoast SEO Premium plugin v20.7 (Yoast SEO v20.7) - https:\/\/yoast.com\/wordpress\/plugins\/seo\/ -->\n<title>WAISENSE PARA EMPRESAS - WAISENSE PORTUGAL<\/title>\n<meta name=\"description\" content=\"Descubra o programa de parceiros e introduza a sua empresa no sector da \u00e1gua inteligente. Registe-se gratuitamente e obtenha todas as vantagens.\" \/>\n<meta name=\"robots\" content=\"index, follow, max-snippet:-1, max-image-preview:large, max-video-preview:-1\" \/>\n<link rel=\"canonical\" href=\"https:\/\/waisensewater.pt\/pt-pt\/waisense-para-empresas\/\" \/>\n<meta property=\"og:locale\" content=\"pt_PT\" \/>\n<meta property=\"og:type\" content=\"article\" \/>\n<meta property=\"og:title\" content=\"WAISENSE PARA EMPRESAS\" \/>\n<meta property=\"og:description\" content=\"Descubra o programa de parceiros e introduza a sua empresa no sector da \u00e1gua inteligente. Registe-se gratuitamente e obtenha todas as vantagens.\" \/>\n<meta property=\"og:url\" content=\"https:\/\/waisensewater.pt\/pt-pt\/waisense-para-empresas\/\" \/>\n<meta property=\"og:site_name\" content=\"WAISENSE PORTUGAL\" \/>\n<meta property=\"article:modified_time\" content=\"2023-08-08T10:50:20+00:00\" \/>\n<meta property=\"og:image\" content=\"https:\/\/waisensewater.pt\/wp-content\/uploads\/2022\/05\/logo-horizontal-2.png\" \/>\n<meta name=\"twitter:card\" content=\"summary_large_image\" \/>\n<meta name=\"twitter:label1\" content=\"Tempo estimado de leitura\" \/>\n\t<meta name=\"twitter:data1\" content=\"1 minuto\" \/>\n<script type=\"application\/ld+json\" class=\"yoast-schema-graph\">{\"@context\":\"https:\/\/schema.org\",\"@graph\":[{\"@type\":\"WebPage\",\"@id\":\"https:\/\/waisensewater.pt\/pt-pt\/waisense-para-empresas\/\",\"url\":\"https:\/\/waisensewater.pt\/pt-pt\/waisense-para-empresas\/\",\"name\":\"WAISENSE PARA EMPRESAS - WAISENSE PORTUGAL\",\"isPartOf\":{\"@id\":\"https:\/\/waisensewater.pt\/#website\"},\"datePublished\":\"2023-05-31T08:44:15+00:00\",\"dateModified\":\"2023-08-08T10:50:20+00:00\",\"description\":\"Descubra o programa de parceiros e introduza a sua empresa no sector da \u00e1gua inteligente. Registe-se gratuitamente e obtenha todas as vantagens.\",\"breadcrumb\":{\"@id\":\"https:\/\/waisensewater.pt\/pt-pt\/waisense-para-empresas\/#breadcrumb\"},\"inLanguage\":\"pt-PT\",\"potentialAction\":[{\"@type\":\"ReadAction\",\"target\":[\"https:\/\/waisensewater.pt\/pt-pt\/waisense-para-empresas\/\"]}]},{\"@type\":\"BreadcrumbList\",\"@id\":\"https:\/\/waisensewater.pt\/pt-pt\/waisense-para-empresas\/#breadcrumb\",\"itemListElement\":[{\"@type\":\"ListItem\",\"position\":1,\"name\":\"Home\",\"item\":\"https:\/\/waisensewater.pt\/pt-pt\/\"},{\"@type\":\"ListItem\",\"position\":2,\"name\":\"WAISENSE PARA EMPRESAS\"}]},{\"@type\":\"WebSite\",\"@id\":\"https:\/\/waisensewater.pt\/#website\",\"url\":\"https:\/\/waisensewater.pt\/\",\"name\":\"WAISENSE PORTUGAL\",\"description\":\"\",\"publisher\":{\"@id\":\"https:\/\/waisensewater.pt\/#organization\"},\"potentialAction\":[{\"@type\":\"SearchAction\",\"target\":{\"@type\":\"EntryPoint\",\"urlTemplate\":\"https:\/\/waisensewater.pt\/?s={search_term_string}\"},\"query-input\":\"required name=search_term_string\"}],\"inLanguage\":\"pt-PT\"},{\"@type\":\"Organization\",\"@id\":\"https:\/\/waisensewater.pt\/#organization\",\"name\":\"WAISENSE PORTUGAL\",\"url\":\"https:\/\/waisensewater.pt\/\",\"logo\":{\"@type\":\"ImageObject\",\"inLanguage\":\"pt-PT\",\"@id\":\"https:\/\/waisensewater.pt\/#\/schema\/logo\/image\/\",\"url\":\"https:\/\/waisensewater.pt\/wp-content\/uploads\/2022\/05\/cropped-logo-horizontal-2.png\",\"contentUrl\":\"https:\/\/waisensewater.pt\/wp-content\/uploads\/2022\/05\/cropped-logo-horizontal-2.png\",\"width\":300,\"height\":55,\"caption\":\"WAISENSE PORTUGAL\"},\"image\":{\"@id\":\"https:\/\/waisensewater.pt\/#\/schema\/logo\/image\/\"}}]}<\/script>\n<!-- \/ Yoast SEO Premium plugin. -->","yoast_head_json":{"title":"WAISENSE PARA EMPRESAS - WAISENSE PORTUGAL","description":"Descubra o programa de parceiros e introduza a sua empresa no sector da \u00e1gua inteligente. Registe-se gratuitamente e obtenha todas as vantagens.","robots":{"index":"index","follow":"follow","max-snippet":"max-snippet:-1","max-image-preview":"max-image-preview:large","max-video-preview":"max-video-preview:-1"},"canonical":"https:\/\/waisensewater.pt\/pt-pt\/waisense-para-empresas\/","og_locale":"pt_PT","og_type":"article","og_title":"WAISENSE PARA EMPRESAS","og_description":"Descubra o programa de parceiros e introduza a sua empresa no sector da \u00e1gua inteligente. Registe-se gratuitamente e obtenha todas as vantagens.","og_url":"https:\/\/waisensewater.pt\/pt-pt\/waisense-para-empresas\/","og_site_name":"WAISENSE PORTUGAL","article_modified_time":"2023-08-08T10:50:20+00:00","og_image":[{"url":"https:\/\/waisensewater.pt\/wp-content\/uploads\/2022\/05\/logo-horizontal-2.png"}],"twitter_card":"summary_large_image","twitter_misc":{"Tempo estimado de leitura":"1 minuto"},"schema":{"@context":"https:\/\/schema.org","@graph":[{"@type":"WebPage","@id":"https:\/\/waisensewater.pt\/pt-pt\/waisense-para-empresas\/","url":"https:\/\/waisensewater.pt\/pt-pt\/waisense-para-empresas\/","name":"WAISENSE PARA EMPRESAS - WAISENSE PORTUGAL","isPartOf":{"@id":"https:\/\/waisensewater.pt\/#website"},"datePublished":"2023-05-31T08:44:15+00:00","dateModified":"2023-08-08T10:50:20+00:00","description":"Descubra o programa de parceiros e introduza a sua empresa no sector da \u00e1gua inteligente. Registe-se gratuitamente e obtenha todas as vantagens.","breadcrumb":{"@id":"https:\/\/waisensewater.pt\/pt-pt\/waisense-para-empresas\/#breadcrumb"},"inLanguage":"pt-PT","potentialAction":[{"@type":"ReadAction","target":["https:\/\/waisensewater.pt\/pt-pt\/waisense-para-empresas\/"]}]},{"@type":"BreadcrumbList","@id":"https:\/\/waisensewater.pt\/pt-pt\/waisense-para-empresas\/#breadcrumb","itemListElement":[{"@type":"ListItem","position":1,"name":"Home","item":"https:\/\/waisensewater.pt\/pt-pt\/"},{"@type":"ListItem","position":2,"name":"WAISENSE PARA EMPRESAS"}]},{"@type":"WebSite","@id":"https:\/\/waisensewater.pt\/#website","url":"https:\/\/waisensewater.pt\/","name":"WAISENSE PORTUGAL","description":"","publisher":{"@id":"https:\/\/waisensewater.pt\/#organization"},"potentialAction":[{"@type":"SearchAction","target":{"@type":"EntryPoint","urlTemplate":"https:\/\/waisensewater.pt\/?s={search_term_string}"},"query-input":"required name=search_term_string"}],"inLanguage":"pt-PT"},{"@type":"Organization","@id":"https:\/\/waisensewater.pt\/#organization","name":"WAISENSE PORTUGAL","url":"https:\/\/waisensewater.pt\/","logo":{"@type":"ImageObject","inLanguage":"pt-PT","@id":"https:\/\/waisensewater.pt\/#\/schema\/logo\/image\/","url":"https:\/\/waisensewater.pt\/wp-content\/uploads\/2022\/05\/cropped-logo-horizontal-2.png","contentUrl":"https:\/\/waisensewater.pt\/wp-content\/uploads\/2022\/05\/cropped-logo-horizontal-2.png","width":300,"height":55,"caption":"WAISENSE PORTUGAL"},"image":{"@id":"https:\/\/waisensewater.pt\/#\/schema\/logo\/image\/"}}]}},"_links":{"self":[{"href":"https:\/\/waisensewater.pt\/pt-pt\/wp-json\/wp\/v2\/pages\/333","targetHints":{"allow":["GET"]}}],"collection":[{"href":"https:\/\/waisensewater.pt\/pt-pt\/wp-json\/wp\/v2\/pages"}],"about":[{"href":"https:\/\/waisensewater.pt\/pt-pt\/wp-json\/wp\/v2\/types\/page"}],"author":[{"embeddable":true,"href":"https:\/\/waisensewater.pt\/pt-pt\/wp-json\/wp\/v2\/users\/1"}],"replies":[{"embeddable":true,"href":"https:\/\/waisensewater.pt\/pt-pt\/wp-json\/wp\/v2\/comments?post=333"}],"version-history":[{"count":7,"href":"https:\/\/waisensewater.pt\/pt-pt\/wp-json\/wp\/v2\/pages\/333\/revisions"}],"predecessor-version":[{"id":418,"href":"https:\/\/waisensewater.pt\/pt-pt\/wp-json\/wp\/v2\/pages\/333\/revisions\/418"}],"wp:attachment":[{"href":"https:\/\/waisensewater.pt\/pt-pt\/wp-json\/wp\/v2\/media?parent=333"}],"curies":[{"name":"wp","href":"https:\/\/api.w.org\/{rel}","templated":true}]}}