{"id":329,"date":"2023-05-31T08:36:44","date_gmt":"2023-05-31T08:36:44","guid":{"rendered":"https:\/\/waisensewater.pt\/politica-de-cookies\/"},"modified":"2023-08-08T08:45:39","modified_gmt":"2023-08-08T08:45:39","slug":"politica-de-cookies","status":"publish","type":"page","link":"https:\/\/waisensewater.pt\/pt-pt\/politica-de-cookies\/","title":{"rendered":"Pol\u00edtica de cookies"},"content":{"rendered":"\n<h2 class=\"wp-block-heading\" id=\"h-concept-of-cookies\"><strong>CONCEITO DE COOKIES<\/strong><\/h2>\n\n\n\n<p>Est\u00e1 a ler a nossa pol\u00edtica de cookies. Ao navegar no nosso s\u00edtio Web, podemos recolher informa\u00e7\u00f5es relativas ao fluxo de tr\u00e1fego, bem como padr\u00f5es de visitas \u00e0s p\u00e1ginas do nosso dom\u00ednio. Estas informa\u00e7\u00f5es ser\u00e3o tratadas atrav\u00e9s de cookies (pequenas quantidades de informa\u00e7\u00e3o em formato de texto que o S\u00edtio envia para o computador ou equipamento do Utilizador enquanto visita o mesmo).<\/p>\n\n\n\n<p>O objectivo da utiliza\u00e7\u00e3o de Cookies \u00e9 personalizar o acesso ao S\u00edtio para melhorar a navega\u00e7\u00e3o e a sua funcionalidade.<\/p>\n\n\n\n<p>Este s\u00edtio Web est\u00e1 em conformidade com as disposi\u00e7\u00f5es da Lei sobre os Servi\u00e7os da Sociedade da Informa\u00e7\u00e3o, um regulamento que transp\u00f4s a Directiva 2009\/136\/CE, conhecida como a &#8220;Lei dos Cookies&#8221;.<\/p>\n\n\n\n<p>Um cookie \u00e9 um pequeno ficheiro de texto, que \u00e9 armazenado no seu computador, tablet, telem\u00f3vel ou, em suma, no dispositivo que utiliza para navegar na Internet, e que pode armazenar informa\u00e7\u00f5es relativas \u00e0 frequ\u00eancia com que visita os s\u00edtios Web, \u00e0s suas prefer\u00eancias de navega\u00e7\u00e3o, \u00e0s informa\u00e7\u00f5es que mais lhe interessam, aos nomes de utilizador, aos produtos registados, etc.<\/p>\n\n\n\n<p>No nosso caso, os cookies que utilizamos no nosso s\u00edtio Web n\u00e3o recolhem informa\u00e7\u00f5es que o identifiquem pessoalmente.<\/p>\n\n\n\n<h2 class=\"wp-block-heading\" id=\"h-types-of-cookies\"><strong>TIPOS DE COOKIES<\/strong><\/h2>\n\n\n\n<p>Consoante a sua natureza, os cookies podem ser classificados como: &#8220;Cookies de sess\u00e3o&#8221; ou &#8220;Cookies persistentes&#8221;: os primeiros s\u00e3o eliminados quando o navegador \u00e9 fechado, enquanto os segundos permanecem no equipamento inform\u00e1tico.<\/p>\n\n\n\n<p>&#8220;Cookies pr\u00f3prios&#8221; ou &#8220;cookies de terceiros&#8221;: consoante perten\u00e7am ao propriet\u00e1rio do s\u00edtio Web ou a um terceiro.<\/p>\n\n\n\n<h2 class=\"wp-block-heading\" id=\"h-what-cookies-do-we-use\"><strong>QUE COOKIES UTILIZAMOS?<\/strong><\/h2>\n\n\n\n<figure class=\"wp-block-table\"><table><thead><tr><td><strong>Nome do cookie<\/strong><\/td><td><strong>Descri\u00e7\u00e3o\/finalidade<\/strong><\/td><td><strong>Fonte<\/strong><\/td><td><strong>Dura\u00e7\u00e3o<\/strong><\/td><\/tr><tr><td>SID, HSID, APISID, SAPISID, SSID<\/td><td>Cookies utilizados para apresentar localiza\u00e7\u00f5es geogr\u00e1ficas, partilha no G+, para al\u00e9m dos cookies que a Google exige se mantiver a sess\u00e3o iniciada na sua conta, geridos inteiramente pela Google.<\/td><td>Cookie de terceiros (google.com)<\/td><td>Dois anos ap\u00f3s a instala\u00e7\u00e3o ou actualiza\u00e7\u00e3o.<\/td><\/tr><tr><th><strong>NID<\/strong><\/th><th><strong>O BOT\u00c3O GOOGLE +1 UTILIZADO NO NOSSO S\u00cdTIO WEB \u00c9 ALOJADO PELO GOOGLE, O SEU NAVEGADOR ENVIA INFORMA\u00c7\u00d5ES SOBRE OS COOKIES QUE O GOOGLE EXIGE SE TIVER SESS\u00c3O INICIADA NA SUA CONTA, ESTES DADOS S\u00c3O UTILIZADOS PELO GOOGLE PARA O ASSOCIAR \u00c0 SUA CONTA.<\/strong><\/th><th><strong>COOKIE DE TERCEIROS (GOOGLE.COM)<\/strong><\/th><th><strong>SEIS MESES AP\u00d3S A INSTALA\u00c7\u00c3O OU ACTUALIZA\u00c7\u00c3O.<\/strong><\/th><\/tr><tr><td>_ga<\/td><td>Este cookie \u00e9 utilizado para contar o n\u00famero de vezes que um utilizador visita o s\u00edtio. Tamb\u00e9m regista a data da primeira e da \u00faltima visita ao s\u00edtio.<\/td><td>biscoito pr\u00f3prio<\/td><td>Dois anos ap\u00f3s a instala\u00e7\u00e3o ou actualiza\u00e7\u00e3o.<\/td><\/tr><tr><th><strong>_GAT<\/strong><\/th><th><strong>ESTE COOKIE \u00c9 UTILIZADO PARA REGISTAR O TEMPO DE NAVEGA\u00c7\u00c3O. REGISTA A HORA DE CHEGADA AO LOCAL.<\/strong><\/th><th><strong>BOLINHO PR\u00d3PRIO<\/strong><\/th><th><strong>UM ANO AP\u00d3S A INSTALA\u00c7\u00c3O OU ACTUALIZA\u00c7\u00c3O.<\/strong><\/th><\/tr><tr><td>datr<\/td><td>O Facebook utiliza cookies de seguran\u00e7a. Este sistema de seguran\u00e7a, denominado &#8220;Delta&#8221;, verifica em cada in\u00edcio de sess\u00e3o se a conta do utilizador est\u00e1 a ser utilizada de forma fraudulenta por terceiros. Este controlo \u00e9 efectuado utilizando o cookie DATR e as informa\u00e7\u00f5es que este cont\u00e9m.<\/td><td>Cookie de terceiros (facebook.com)<\/td><td>Dois anos ap\u00f3s a instala\u00e7\u00e3o ou actualiza\u00e7\u00e3o<\/td><\/tr><tr><th><strong>FR<\/strong><\/th><th><strong>TEM 2 PARTES: A PRIMEIRA PARTE DO FICHEIRO COOKIE \u00c9 UM IDENTIFICADOR DO NAVEGADOR, QUE \u00c9 UTILIZADO PARA IDENTIFICAR O NAVEGADOR WEB. A SEGUNDA PARTE DO FICHEIRO COOKIE \u00c9 UMA VERS\u00c3O ENCRIPTADA DO ID DO UTILIZADOR REGISTADO NO FACEBOOK. O ID DO UTILIZADOR \u00c9 REENCRIPTADO A CADA HORA COM UM VALOR DIFERENTE.<\/strong><\/th><th><strong>COOKIE DE TERCEIROS (FACEBOOK.COM)<\/strong><\/th><th><strong>DOIS MESES AP\u00d3S A INSTALA\u00c7\u00c3O OU ACTUALIZA\u00c7\u00c3O.<\/strong><\/th><\/tr><tr><th>LU<\/th><th><strong>O ID DE UTILIZADOR DO UTILIZADOR PREVIAMENTE CONECTADO, OU ZERO SE O UTILIZADOR ESTIVER EXPLICITAMENTE CONECTADO. UM CONTADOR QUE CONT\u00c9M O N\u00daMERO DE VEZES CONSECUTIVAS QUE O MESMO UTILIZADOR INICIOU SESS\u00c3O A PARTIR DESTE BROWSER E N\u00c3O INICIOU EXPLICITAMENTE SESS\u00c3O.<\/strong><\/th><th><strong>COOKIE DE TERCEIROS (FACEBOOK.COM)<\/strong><\/th><th><strong>DOIS ANOS AP\u00d3S A INSTALA\u00c7\u00c3O OU ACTUALIZA\u00c7\u00c3O<\/strong><\/th><\/tr><\/thead><\/table><\/figure>\n\n\n\n<figure class=\"wp-block-table\"><table><thead><tr><td>xs<\/td><td>\u00c9 composto por quatro partes. O primeiro representa o n\u00famero da sess\u00e3o. A segunda \u00e9 a confidencialidade da sess\u00e3o. A terceira determina se o utilizador autorizou a fun\u00e7\u00e3o de navega\u00e7\u00e3o segura. O quarto componente, que parece ser um carimbo de data\/hora Unix.<\/td><td>Cookie de terceiros (facebook.com)<\/td><td>Dois meses ap\u00f3s a instala\u00e7\u00e3o ou actualiza\u00e7\u00e3o.<\/td><\/tr><tr><td>dnt<\/td><td>Se tiver uma conta no Twitter, estes cookies permitir-lhe-\u00e3o partilhar conte\u00fados do nosso s\u00edtio Web com os seus contactos do Twitter.<\/td><td>Cookie de terceiros (Twitter.com)<\/td><td>Seis meses ap\u00f3s a instala\u00e7\u00e3o ou actualiza\u00e7\u00e3o.<\/td><\/tr><tr><td>_ga, guest_id<\/td><td>Plugin para o servi\u00e7o twitter. O seu objectivo \u00e9 obter informa\u00e7\u00f5es sobre os utilizadores que recorreram a este servi\u00e7o.<\/td><td>Cookie de terceiros (Twitter.com)<\/td><td>Dois anos ap\u00f3s a instala\u00e7\u00e3o ou actualiza\u00e7\u00e3o<\/td><\/tr><tr><td>eucn<\/td><td>Est\u00e1 incorporado no bot\u00e3o social &#8220;Tweet&#8221; inclu\u00eddo em algumas das p\u00e1ginas do s\u00edtio Web. \u00c9 necess\u00e1rio reconhecer o utilizador que iniciou sess\u00e3o com uma conta Twitter e contar o n\u00famero de cliques no bot\u00e3o.<\/td><td>Cookie de terceiros (Twitter.com)<\/td><td>Um ano ap\u00f3s a instala\u00e7\u00e3o ou actualiza\u00e7\u00e3o<\/td><\/tr><tr><td>tfw_exp<\/td><td>S\u00e3o utilizados para tweetar e identificar o s\u00edtio Web atrav\u00e9s de uma conta Twitter, bem como para obter informa\u00e7\u00f5es sobre os conte\u00fados visualizados pelo utilizador, a fim de apresentar publicidade com base nos mesmos.<\/td><td>Cookie de terceiros (Twitter.com)<\/td><td>Quince dias a partir da sua instala\u00e7\u00e3o ou actualiza\u00e7\u00e3o.<\/td><\/tr><tr><td>lidc<\/td><td>Utilizado para o encaminhamento. Bot\u00f5es de partilha e adicionar etiquetas<\/td><td>Cookie de tercero (linkedin.com)<\/td><td>Um dia ap\u00f3s a instala\u00e7\u00e3o ou actualiza\u00e7\u00e3o.<\/td><\/tr><tr><td>bcookie<\/td><td>Cookie de identifica\u00e7\u00e3o do navegador. Bot\u00f5es de partilha e adicionar etiquetas<\/td><td>Cookie de tercero (linkedin.com)<\/td><td>Um ano ap\u00f3s a instala\u00e7\u00e3o ou actualiza\u00e7\u00e3o.<\/td><\/tr><tr><td>li_at<\/td><td>Estes cookies permitem-nos colocar determinadas funcionalidades do LinkedIn no nosso s\u00edtio Web, como a capacidade de aceder aos perfis dos membros. O descarregamento destes cookies pode variar, e normalmente varia, consoante o utilizador tenha ou n\u00e3o sess\u00e3o iniciada no LinkedIn no momento em que navega no Website.<\/td><td>Cookie de tercero (linkedin.com)<\/td><td>Um ano ap\u00f3s a instala\u00e7\u00e3o ou actualiza\u00e7\u00e3o<\/td><\/tr><tr><td>liap<\/td><td>Estes cookies permitem-nos colocar determinadas funcionalidades do LinkedIn no nosso s\u00edtio Web, como a capacidade de aceder aos perfis dos membros. O descarregamento destes cookies pode variar, e normalmente varia, consoante o utilizador tenha ou n\u00e3o sess\u00e3o iniciada no LinkedIn no momento em que navega no Website.<\/td><td>Cookie de tercero (linkedin.com)<\/td><td>Tr\u00eas meses ap\u00f3s a instala\u00e7\u00e3o ou actualiza\u00e7\u00e3o<\/td><\/tr><tr><td>lidc<\/td><td>Utilizado para o encaminhamento. Bot\u00f5es de partilha e adicionar etiquetas<\/td><td>Cookie de tercero (linkedin.com)<\/td><td>Um dia ap\u00f3s a instala\u00e7\u00e3o ou actualiza\u00e7\u00e3o.<\/td><\/tr><tr><td>bcookie<\/td><td>Cookie de identifica\u00e7\u00e3o do navegador. Bot\u00f5es de partilha e adicionar etiquetas<\/td><td>&nbsp;<\/td><td>Um ano ap\u00f3s a instala\u00e7\u00e3o ou actualiza\u00e7\u00e3o.<\/td><\/tr><tr><td>li_at<\/td><td>Estes cookies permitem-nos colocar determinadas funcionalidades do LinkedIn no nosso s\u00edtio Web, como a capacidade de aceder aos perfis dos membros. O descarregamento destes cookies pode variar, e normalmente varia, consoante o utilizador tenha ou n\u00e3o sess\u00e3o iniciada no LinkedIn no momento em que navega no Website.<\/td><td>&nbsp;<\/td><td>Um ano ap\u00f3s a instala\u00e7\u00e3o ou actualiza\u00e7\u00e3o<\/td><\/tr><tr><td>Liap<\/td><td>Estes cookies permitem-nos colocar determinadas funcionalidades do LinkedIn no nosso s\u00edtio Web, como a capacidade de aceder aos perfis dos membros. O descarregamento destes cookies pode variar, e normalmente varia, consoante o utilizador tenha ou n\u00e3o sess\u00e3o iniciada no LinkedIn no momento em que navega no Website.<\/td><td>&nbsp;<\/td><td>Tr\u00eas meses ap\u00f3s a instala\u00e7\u00e3o ou actualiza\u00e7\u00e3o<\/td><\/tr><tr><td>_auth<\/td><td>Cookie para funcionalidade do Pinterest<\/td><td>Cookie de terceiros (Pinterest.com)<\/td><td>Um ano ap\u00f3s a instala\u00e7\u00e3o ou actualiza\u00e7\u00e3o<\/td><\/tr><tr><td>_b<\/td><td>Cookie para funcionalidade do Pinterest<\/td><td>Cookie de terceiros (Pinterest.com)<\/td><td>Dez anos a partir da data de instala\u00e7\u00e3o ou actualiza\u00e7\u00e3o<\/td><\/tr><tr><td>_pinterest_ct_rt<\/td><td>Cookie para funcionalidade do Pinterest<\/td><td>Cookie de terceiros (Pinterest.com)<\/td><td>Cookie de sess\u00e3o<\/td><\/tr><tr><td>_pinterest_pfob<\/td><td>Cookie para funcionalidade do Pinterest<\/td><td>Cookie de terceiros (Pinterest.com)<\/td><td>Dez anos a partir da data de instala\u00e7\u00e3o ou actualiza\u00e7\u00e3o<\/td><\/tr><tr><td>_pinterest_sess<\/td><td>Cookie para funcionalidade do Pinterest<\/td><td>Cookie de terceiros (Pinterest.com)<\/td><td>Um ano ap\u00f3s a instala\u00e7\u00e3o ou actualiza\u00e7\u00e3o<\/td><\/tr><\/thead><\/table><\/figure>\n\n\n\n<h2 class=\"wp-block-heading\" id=\"h-how-to-refuse-cookies\"><strong>COMO RECUSAR COOKIES?<\/strong><\/h2>\n\n\n\n<p>O utilizador pode configurar o seu browser para aceitar ou rejeitar a instala\u00e7\u00e3o de todos ou alguns tipos de cookies, ou para pedir para ser notificado quando um cookie \u00e9 instalado.<\/p>\n\n\n\n<p>Cada navegador tem instru\u00e7\u00f5es de configura\u00e7\u00e3o espec\u00edficas. Abaixo encontrar\u00e1 liga\u00e7\u00f5es para informa\u00e7\u00f5es sobre os browsers mais comuns:<\/p>\n\n\n\n<ul class=\"wp-block-list\">\n<li><a href=\"http:\/\/support.google.com\/chrome\/bin\/answer.py?hl=es&amp;hlrm=en&amp;answer=95647\">Google Chrome<\/a><\/li>\n\n\n\n<li><a href=\"http:\/\/support.mozilla.org\/es\/kb\/cookies-informacion-que-los-sitios-web-guardan-en-?s=cookies&amp;r=1&amp;as=s\">Mozilla Firefox<\/a><\/li>\n\n\n\n<li><a href=\"http:\/\/support.microsoft.com\/kb\/196955\">Internet Explorer<\/a><\/li>\n<\/ul>\n\n\n\n<h2 class=\"wp-block-heading\" id=\"h-changes-to-the-cookie-policy\"><strong>ALTERA\u00c7\u00d5ES \u00c0 POL\u00cdTICA DE COOKIES<\/strong><\/h2>\n\n\n\n<p>Podemos actualizar a Pol\u00edtica de Cookies no nosso <a href=\"http:\/\/metrica6.xyz\/es\/\">Web<\/a> site, pelo que recomendamos que reveja esta pol\u00edtica sempre que aceder ao nosso Web site para estar devidamente informado sobre como e para que utilizamos os cookies.<\/p>\n","protected":false},"excerpt":{"rendered":"<p>CONCEITO DE COOKIES Est\u00e1 a ler a nossa pol\u00edtica de cookies. Ao navegar no nosso s\u00edtio Web, podemos recolher informa\u00e7\u00f5es relativas ao fluxo de tr\u00e1fego, bem como padr\u00f5es de visitas \u00e0s p\u00e1ginas do nosso dom\u00ednio. Estas informa\u00e7\u00f5es ser\u00e3o tratadas atrav\u00e9s de cookies (pequenas quantidades de informa\u00e7\u00e3o em formato de texto que o S\u00edtio envia para [&hellip;]<\/p>\n","protected":false},"author":1,"featured_media":0,"parent":0,"menu_order":0,"comment_status":"closed","ping_status":"closed","template":"","meta":{"footnotes":""},"class_list":["post-329","page","type-page","status-publish","hentry","entry","owp-thumbs-layout-horizontal","owp-btn-normal","owp-tabs-layout-horizontal","has-no-thumbnails","has-product-nav","circle-sale"],"yoast_head":"<!-- This site is optimized with the Yoast SEO Premium plugin v20.7 (Yoast SEO v20.7) - https:\/\/yoast.com\/wordpress\/plugins\/seo\/ -->\n<title>Pol\u00edtica de cookies - WAISENSE PORTUGAL<\/title>\n<meta name=\"robots\" content=\"index, follow, max-snippet:-1, max-image-preview:large, max-video-preview:-1\" \/>\n<link rel=\"canonical\" href=\"https:\/\/waisensewater.pt\/pt-pt\/politica-de-cookies\/\" \/>\n<meta property=\"og:locale\" content=\"pt_PT\" \/>\n<meta property=\"og:type\" content=\"article\" \/>\n<meta property=\"og:title\" content=\"Pol\u00edtica de cookies\" \/>\n<meta property=\"og:description\" content=\"CONCEITO DE COOKIES Est\u00e1 a ler a nossa pol\u00edtica de cookies. Ao navegar no nosso s\u00edtio Web, podemos recolher informa\u00e7\u00f5es relativas ao fluxo de tr\u00e1fego, bem como padr\u00f5es de visitas \u00e0s p\u00e1ginas do nosso dom\u00ednio. Estas informa\u00e7\u00f5es ser\u00e3o tratadas atrav\u00e9s de cookies (pequenas quantidades de informa\u00e7\u00e3o em formato de texto que o S\u00edtio envia para [&hellip;]\" \/>\n<meta property=\"og:url\" content=\"https:\/\/waisensewater.pt\/pt-pt\/politica-de-cookies\/\" \/>\n<meta property=\"og:site_name\" content=\"WAISENSE PORTUGAL\" \/>\n<meta property=\"article:modified_time\" content=\"2023-08-08T08:45:39+00:00\" \/>\n<meta name=\"twitter:card\" content=\"summary_large_image\" \/>\n<meta name=\"twitter:label1\" content=\"Tempo estimado de leitura\" \/>\n\t<meta name=\"twitter:data1\" content=\"6 minutos\" \/>\n<script type=\"application\/ld+json\" class=\"yoast-schema-graph\">{\"@context\":\"https:\/\/schema.org\",\"@graph\":[{\"@type\":\"WebPage\",\"@id\":\"https:\/\/waisensewater.pt\/pt-pt\/politica-de-cookies\/\",\"url\":\"https:\/\/waisensewater.pt\/pt-pt\/politica-de-cookies\/\",\"name\":\"Pol\u00edtica de cookies - WAISENSE PORTUGAL\",\"isPartOf\":{\"@id\":\"https:\/\/waisensewater.pt\/#website\"},\"datePublished\":\"2023-05-31T08:36:44+00:00\",\"dateModified\":\"2023-08-08T08:45:39+00:00\",\"breadcrumb\":{\"@id\":\"https:\/\/waisensewater.pt\/pt-pt\/politica-de-cookies\/#breadcrumb\"},\"inLanguage\":\"pt-PT\",\"potentialAction\":[{\"@type\":\"ReadAction\",\"target\":[\"https:\/\/waisensewater.pt\/pt-pt\/politica-de-cookies\/\"]}]},{\"@type\":\"BreadcrumbList\",\"@id\":\"https:\/\/waisensewater.pt\/pt-pt\/politica-de-cookies\/#breadcrumb\",\"itemListElement\":[{\"@type\":\"ListItem\",\"position\":1,\"name\":\"Home\",\"item\":\"https:\/\/waisensewater.pt\/pt-pt\/\"},{\"@type\":\"ListItem\",\"position\":2,\"name\":\"Pol\u00edtica de cookies\"}]},{\"@type\":\"WebSite\",\"@id\":\"https:\/\/waisensewater.pt\/#website\",\"url\":\"https:\/\/waisensewater.pt\/\",\"name\":\"WAISENSE PORTUGAL\",\"description\":\"\",\"publisher\":{\"@id\":\"https:\/\/waisensewater.pt\/#organization\"},\"potentialAction\":[{\"@type\":\"SearchAction\",\"target\":{\"@type\":\"EntryPoint\",\"urlTemplate\":\"https:\/\/waisensewater.pt\/?s={search_term_string}\"},\"query-input\":\"required name=search_term_string\"}],\"inLanguage\":\"pt-PT\"},{\"@type\":\"Organization\",\"@id\":\"https:\/\/waisensewater.pt\/#organization\",\"name\":\"WAISENSE PORTUGAL\",\"url\":\"https:\/\/waisensewater.pt\/\",\"logo\":{\"@type\":\"ImageObject\",\"inLanguage\":\"pt-PT\",\"@id\":\"https:\/\/waisensewater.pt\/#\/schema\/logo\/image\/\",\"url\":\"https:\/\/waisensewater.pt\/wp-content\/uploads\/2022\/05\/cropped-logo-horizontal-2.png\",\"contentUrl\":\"https:\/\/waisensewater.pt\/wp-content\/uploads\/2022\/05\/cropped-logo-horizontal-2.png\",\"width\":300,\"height\":55,\"caption\":\"WAISENSE PORTUGAL\"},\"image\":{\"@id\":\"https:\/\/waisensewater.pt\/#\/schema\/logo\/image\/\"}}]}<\/script>\n<!-- \/ Yoast SEO Premium plugin. -->","yoast_head_json":{"title":"Pol\u00edtica de cookies - WAISENSE PORTUGAL","robots":{"index":"index","follow":"follow","max-snippet":"max-snippet:-1","max-image-preview":"max-image-preview:large","max-video-preview":"max-video-preview:-1"},"canonical":"https:\/\/waisensewater.pt\/pt-pt\/politica-de-cookies\/","og_locale":"pt_PT","og_type":"article","og_title":"Pol\u00edtica de cookies","og_description":"CONCEITO DE COOKIES Est\u00e1 a ler a nossa pol\u00edtica de cookies. Ao navegar no nosso s\u00edtio Web, podemos recolher informa\u00e7\u00f5es relativas ao fluxo de tr\u00e1fego, bem como padr\u00f5es de visitas \u00e0s p\u00e1ginas do nosso dom\u00ednio. Estas informa\u00e7\u00f5es ser\u00e3o tratadas atrav\u00e9s de cookies (pequenas quantidades de informa\u00e7\u00e3o em formato de texto que o S\u00edtio envia para [&hellip;]","og_url":"https:\/\/waisensewater.pt\/pt-pt\/politica-de-cookies\/","og_site_name":"WAISENSE PORTUGAL","article_modified_time":"2023-08-08T08:45:39+00:00","twitter_card":"summary_large_image","twitter_misc":{"Tempo estimado de leitura":"6 minutos"},"schema":{"@context":"https:\/\/schema.org","@graph":[{"@type":"WebPage","@id":"https:\/\/waisensewater.pt\/pt-pt\/politica-de-cookies\/","url":"https:\/\/waisensewater.pt\/pt-pt\/politica-de-cookies\/","name":"Pol\u00edtica de cookies - WAISENSE PORTUGAL","isPartOf":{"@id":"https:\/\/waisensewater.pt\/#website"},"datePublished":"2023-05-31T08:36:44+00:00","dateModified":"2023-08-08T08:45:39+00:00","breadcrumb":{"@id":"https:\/\/waisensewater.pt\/pt-pt\/politica-de-cookies\/#breadcrumb"},"inLanguage":"pt-PT","potentialAction":[{"@type":"ReadAction","target":["https:\/\/waisensewater.pt\/pt-pt\/politica-de-cookies\/"]}]},{"@type":"BreadcrumbList","@id":"https:\/\/waisensewater.pt\/pt-pt\/politica-de-cookies\/#breadcrumb","itemListElement":[{"@type":"ListItem","position":1,"name":"Home","item":"https:\/\/waisensewater.pt\/pt-pt\/"},{"@type":"ListItem","position":2,"name":"Pol\u00edtica de cookies"}]},{"@type":"WebSite","@id":"https:\/\/waisensewater.pt\/#website","url":"https:\/\/waisensewater.pt\/","name":"WAISENSE PORTUGAL","description":"","publisher":{"@id":"https:\/\/waisensewater.pt\/#organization"},"potentialAction":[{"@type":"SearchAction","target":{"@type":"EntryPoint","urlTemplate":"https:\/\/waisensewater.pt\/?s={search_term_string}"},"query-input":"required name=search_term_string"}],"inLanguage":"pt-PT"},{"@type":"Organization","@id":"https:\/\/waisensewater.pt\/#organization","name":"WAISENSE PORTUGAL","url":"https:\/\/waisensewater.pt\/","logo":{"@type":"ImageObject","inLanguage":"pt-PT","@id":"https:\/\/waisensewater.pt\/#\/schema\/logo\/image\/","url":"https:\/\/waisensewater.pt\/wp-content\/uploads\/2022\/05\/cropped-logo-horizontal-2.png","contentUrl":"https:\/\/waisensewater.pt\/wp-content\/uploads\/2022\/05\/cropped-logo-horizontal-2.png","width":300,"height":55,"caption":"WAISENSE PORTUGAL"},"image":{"@id":"https:\/\/waisensewater.pt\/#\/schema\/logo\/image\/"}}]}},"_links":{"self":[{"href":"https:\/\/waisensewater.pt\/pt-pt\/wp-json\/wp\/v2\/pages\/329","targetHints":{"allow":["GET"]}}],"collection":[{"href":"https:\/\/waisensewater.pt\/pt-pt\/wp-json\/wp\/v2\/pages"}],"about":[{"href":"https:\/\/waisensewater.pt\/pt-pt\/wp-json\/wp\/v2\/types\/page"}],"author":[{"embeddable":true,"href":"https:\/\/waisensewater.pt\/pt-pt\/wp-json\/wp\/v2\/users\/1"}],"replies":[{"embeddable":true,"href":"https:\/\/waisensewater.pt\/pt-pt\/wp-json\/wp\/v2\/comments?post=329"}],"version-history":[{"count":4,"href":"https:\/\/waisensewater.pt\/pt-pt\/wp-json\/wp\/v2\/pages\/329\/revisions"}],"predecessor-version":[{"id":406,"href":"https:\/\/waisensewater.pt\/pt-pt\/wp-json\/wp\/v2\/pages\/329\/revisions\/406"}],"wp:attachment":[{"href":"https:\/\/waisensewater.pt\/pt-pt\/wp-json\/wp\/v2\/media?parent=329"}],"curies":[{"name":"wp","href":"https:\/\/api.w.org\/{rel}","templated":true}]}}